{"id":51,"date":"2022-09-06T09:46:20","date_gmt":"2022-09-06T07:46:20","guid":{"rendered":"https:\/\/bpp.ujk.edu.pl\/pbp\/?page_id=51"},"modified":"2022-09-06T09:46:20","modified_gmt":"2022-09-06T07:46:20","slug":"o-platformie","status":"publish","type":"page","link":"https:\/\/bpp.ujk.edu.pl\/pbp\/o-platformie\/","title":{"rendered":"O platformie"},"content":{"rendered":"\n<h2 class=\"wp-block-heading\">Witamy na stronie Bada\u0144 Psychologicznych i Pedagogicznych On-line<\/h2>\n\n\n\n<p>Platforma Bada\u0144 Psychologicznych i Pedagogicznych On-line dzia\u0142a w ramach Katedry Psychologii Wydzia\u0142u Pedagogiki i Psychologii UJK.<br>Celem dzia\u0142ania Platformy jest przede wszystkim pomoc w realizacji projekt\u00f3w badawczych w czasie obecnej pandemii.<br>W ramach Platformy prowadzone s\u0105 badania psychologiczne i pedagogiczne za pomoc\u0105 narz\u0119dzi jakie udost\u0119pnia Microsoft Teams.<br>Wszelkie prowadzone na Platformie badania maj\u0105 charakter anonimowy i dobrowolny.<br>Platforma udost\u0119pniana jest dla pracownik\u00f3w naukowych, naukowo-dydaktycznych czy dydaktycznych oraz student\u00f3w WPiP UJK.<\/p>\n","protected":false},"excerpt":{"rendered":"<p>Witamy na stronie Bada\u0144 Psychologicznych i Pedagogicznych On-line Platforma Bada\u0144 Psychologicznych i Pedagogicznych On-line dzia\u0142a w ramach Katedry Psychologii Wydzia\u0142u Pedagogiki i Psychologii UJK.Celem dzia\u0142ania Platformy jest przede wszystkim pomoc w realizacji projekt\u00f3w badawczych w czasie obecnej pandemii.W ramach Platformy prowadzone s\u0105 badania psychologiczne i pedagogiczne za pomoc\u0105 narz\u0119dzi jakie udost\u0119pnia Microsoft Teams.Wszelkie prowadzone na [&hellip;]<\/p>\n","protected":false},"author":1,"featured_media":48,"parent":0,"menu_order":0,"comment_status":"closed","ping_status":"closed","template":"","meta":{"footnotes":""},"class_list":["post-51","page","type-page","status-publish","has-post-thumbnail","hentry"],"_links":{"self":[{"href":"https:\/\/bpp.ujk.edu.pl\/pbp\/wp-json\/wp\/v2\/pages\/51","targetHints":{"allow":["GET"]}}],"collection":[{"href":"https:\/\/bpp.ujk.edu.pl\/pbp\/wp-json\/wp\/v2\/pages"}],"about":[{"href":"https:\/\/bpp.ujk.edu.pl\/pbp\/wp-json\/wp\/v2\/types\/page"}],"author":[{"embeddable":true,"href":"https:\/\/bpp.ujk.edu.pl\/pbp\/wp-json\/wp\/v2\/users\/1"}],"replies":[{"embeddable":true,"href":"https:\/\/bpp.ujk.edu.pl\/pbp\/wp-json\/wp\/v2\/comments?post=51"}],"version-history":[{"count":1,"href":"https:\/\/bpp.ujk.edu.pl\/pbp\/wp-json\/wp\/v2\/pages\/51\/revisions"}],"predecessor-version":[{"id":53,"href":"https:\/\/bpp.ujk.edu.pl\/pbp\/wp-json\/wp\/v2\/pages\/51\/revisions\/53"}],"wp:featuredmedia":[{"embeddable":true,"href":"https:\/\/bpp.ujk.edu.pl\/pbp\/wp-json\/wp\/v2\/media\/48"}],"wp:attachment":[{"href":"https:\/\/bpp.ujk.edu.pl\/pbp\/wp-json\/wp\/v2\/media?parent=51"}],"curies":[{"name":"wp","href":"https:\/\/api.w.org\/{rel}","templated":true}]}}